{"id":2,"date":"2021-08-26T12:46:26","date_gmt":"2021-08-26T10:46:26","guid":{"rendered":"https:\/\/innoroom.hepl.ch\/?page_id=2"},"modified":"2021-09-13T14:25:40","modified_gmt":"2021-09-13T12:25:40","slug":"accueil","status":"publish","type":"page","link":"https:\/\/innoroom.hepl.ch\/","title":{"rendered":"Accueil"},"content":{"rendered":"<div  class='flex_column av-583q-b54e8a20602beeb3e0a963b3101ec3cd av_one_full  avia-builder-el-0  avia-builder-el-no-sibling  first flex_column_div  '     ><section  class='av_textblock_section av-kssyi08j-72b69264092c1c73d138bc68a7c9a1f1 '   itemscope=\"itemscope\" itemtype=\"https:\/\/schema.org\/CreativeWork\" ><div class='avia_textblock'  itemprop=\"text\" ><h1>Bienvenue sur le site du projet InnoRoom de la HEP Vaud<\/h1>\n<\/div><\/section><br \/>\n<section  class='av_textblock_section av-3q7q-64b05a134baf411ac6ea31c06ae2d215 '   itemscope=\"itemscope\" itemtype=\"https:\/\/schema.org\/CreativeWork\" ><div class='avia_textblock'  itemprop=\"text\" ><p>Le projet InnoRoomvise \u00e0 tester \u00e0 S\u00e9velin 46 trois concepts d\u2019am\u00e9nagement et \u00e9quipement d\u2019espaces de travail collaboratif favorisant l\u2019innovation. Ce test vise notamment \u00e0 fournir des pistes pour de futurs am\u00e9nagements dans d\u2019autres b\u00e2timents de la HEP Vaud.<\/p>\n<p><strong>Une salle informelle<\/strong> (SEV46-202)<\/p>\n<ul>\n<li>Poster de pr\u00e9sentation<\/li>\n<li>Indicateur d&rsquo;occupation<\/li>\n<li>Questionnaire flash d\u2019utilisation<\/li>\n<\/ul>\n<p><strong>Une salle bulles<\/strong> (SEV46-303 ou 304\u00a0?)<\/p>\n<ul>\n<li>Poster de pr\u00e9sentation<\/li>\n<li>Indicateur d&rsquo;occupation<\/li>\n<li>Questionnaire flash d\u2019utilisation<\/li>\n<\/ul>\n<p><strong>Une salle flexible<\/strong> (SEV46-303 ou 304\u00a0?)<\/p>\n<ul>\n<li>Poster de pr\u00e9sentation<\/li>\n<li>Outil de r\u00e9servation<\/li>\n<li>Ressources pour l\u2019accompagnement : documents, tutoriels\u2026<\/li>\n<li>Questionnaire flash d\u2019utilisation<\/li>\n<\/ul>\n<\/div><\/section><\/p><\/div>\n","protected":false},"excerpt":{"rendered":"","protected":false},"author":1,"featured_media":0,"parent":0,"menu_order":0,"comment_status":"closed","ping_status":"closed","template":"","meta":{"footnotes":""},"class_list":["post-2","page","type-page","status-publish","hentry"],"_links":{"self":[{"href":"https:\/\/innoroom.hepl.ch\/index.php\/wp-json\/wp\/v2\/pages\/2","targetHints":{"allow":["GET"]}}],"collection":[{"href":"https:\/\/innoroom.hepl.ch\/index.php\/wp-json\/wp\/v2\/pages"}],"about":[{"href":"https:\/\/innoroom.hepl.ch\/index.php\/wp-json\/wp\/v2\/types\/page"}],"author":[{"embeddable":true,"href":"https:\/\/innoroom.hepl.ch\/index.php\/wp-json\/wp\/v2\/users\/1"}],"replies":[{"embeddable":true,"href":"https:\/\/innoroom.hepl.ch\/index.php\/wp-json\/wp\/v2\/comments?post=2"}],"version-history":[{"count":3,"href":"https:\/\/innoroom.hepl.ch\/index.php\/wp-json\/wp\/v2\/pages\/2\/revisions"}],"predecessor-version":[{"id":22,"href":"https:\/\/innoroom.hepl.ch\/index.php\/wp-json\/wp\/v2\/pages\/2\/revisions\/22"}],"wp:attachment":[{"href":"https:\/\/innoroom.hepl.ch\/index.php\/wp-json\/wp\/v2\/media?parent=2"}],"curies":[{"name":"wp","href":"https:\/\/api.w.org\/{rel}","templated":true}]}}